{"id":194,"date":"2023-12-07T17:03:24","date_gmt":"2023-12-07T16:03:24","guid":{"rendered":"http:\/\/isb.info.pl\/?page_id=194"},"modified":"2023-12-07T17:03:25","modified_gmt":"2023-12-07T16:03:25","slug":"instalacje-alarmowe","status":"publish","type":"page","link":"https:\/\/isb.info.pl\/index.php\/instalacje-alarmowe\/","title":{"rendered":"INSTALACJE ALARMOWE"},"content":{"rendered":"\n<p>Alarmowy system domowy to urz\u0105dzenie lub zestaw urz\u0105dze\u0144, kt\u00f3re s\u0105 w stanie wykry\u0107 przest\u0119pstwo lub inne zdarzenia niebezpieczne, kt\u00f3re mog\u0105 nast\u0105pi\u0107 w domu.<\/p>\n\n\n\n<p>Wi\u0119kszo\u015b\u0107 alarmowych system\u00f3w domowych sk\u0142ada si\u0119 z czujnik\u00f3w, centrali alarmu oraz uk\u0142adu bramowego.<\/p>\n\n\n\n<p>Czujniki<\/p>\n\n\n\n<p>Czujniki s\u0105 podstawowymi elementami alarmowego systemu domowego. Ich zadaniem jest wykrywanie r\u00f3\u017cnych zdarze\u0144, takich jak przemieszczanie si\u0119 po obszarze chronionym, otwieranie drzwi lub okien, po\u017car lub przerwanie pr\u0105du.<\/p>\n\n\n\n<p>Centrala alarmu<\/p>\n\n\n\n<p>Centrala alarmu jest g\u0142\u00f3wnym uk\u0142adem zarz\u0105dzaj\u0105cym wszystkimi czujnikami w systemie. Jej zadaniem jest przetwarzanie sygna\u0142\u00f3w przesy\u0142anych przez czujniki oraz reagowanie na zdarzenia.<\/p>\n\n\n\n<p>Centrala alarmu mo\u017ce by\u0107 po\u0142\u0105czona z innymi urz\u0105dzeniami, takimi jak telefony kom\u00f3rkowe czy e-mail, dzi\u0119ki czemu u\u017cytkownik jest poinformowany o zdarzeniu.<\/p>\n\n\n\n<p>Uk\u0142ad bramowy<\/p>\n\n\n\n<p>Uk\u0142ad bramowy jest jednym z element\u00f3w niezb\u0119dnych w systemie alarmowym, je\u015bli dom posiada bramy wjazdowe.<\/p>\n\n\n\n<p>Zazwyczaj uk\u0142ad bramowy sk\u0142ada si\u0119 z kilku element\u00f3w, takich jak kod bramy, wy\u0142\u0105cznik alarmu czy przetwornik pr\u0105du. Kod bramy jest po\u0142\u0105czony z systemem alarmu, co umo\u017cliwia sterowanie systemem alarmu bez konieczno\u015bci u\u017cywania pilota.<\/p>\n\n\n\n<p>Konfiguracja alarmowego systemu domowego mo\u017ce si\u0119 r\u00f3\u017cni\u0107 w zale\u017cno\u015bci od indywidualnych potrzeb i \u015brodk\u00f3w finansowych u\u017cytkownika.<\/p>\n\n\n\n<p>Podsumowuj\u0105c, alarmowy system domowy to efektywny system ochrony, kt\u00f3ry pomaga chroni\u0107 dom przed nielegalnymi wprowadzeniami oraz po\u017carami. Wiele r\u00f3\u017cnych element\u00f3w oraz us\u0142ug jest dost\u0119pnych na rynku, dzi\u0119ki czemu ka\u017cdy u\u017cytkownik ma mo\u017cliwo\u015b\u0107 znalezienia najlepszego rozwi\u0105zania dla swoich potrzeb.<\/p>\n","protected":false},"excerpt":{"rendered":"<p>Alarmowy system domowy to urz\u0105dzenie lub zestaw urz\u0105dze\u0144, kt\u00f3re s\u0105 w stanie wykry\u0107 przest\u0119pstwo lub inne zdarzenia niebezpieczne, kt\u00f3re mog\u0105<\/p>\n","protected":false},"author":1,"featured_media":0,"parent":0,"menu_order":0,"comment_status":"closed","ping_status":"closed","template":"","meta":{"footnotes":""},"class_list":["post-194","page","type-page","status-publish","hentry"],"_links":{"self":[{"href":"https:\/\/isb.info.pl\/index.php\/wp-json\/wp\/v2\/pages\/194","targetHints":{"allow":["GET"]}}],"collection":[{"href":"https:\/\/isb.info.pl\/index.php\/wp-json\/wp\/v2\/pages"}],"about":[{"href":"https:\/\/isb.info.pl\/index.php\/wp-json\/wp\/v2\/types\/page"}],"author":[{"embeddable":true,"href":"https:\/\/isb.info.pl\/index.php\/wp-json\/wp\/v2\/users\/1"}],"replies":[{"embeddable":true,"href":"https:\/\/isb.info.pl\/index.php\/wp-json\/wp\/v2\/comments?post=194"}],"version-history":[{"count":1,"href":"https:\/\/isb.info.pl\/index.php\/wp-json\/wp\/v2\/pages\/194\/revisions"}],"predecessor-version":[{"id":195,"href":"https:\/\/isb.info.pl\/index.php\/wp-json\/wp\/v2\/pages\/194\/revisions\/195"}],"wp:attachment":[{"href":"https:\/\/isb.info.pl\/index.php\/wp-json\/wp\/v2\/media?parent=194"}],"curies":[{"name":"wp","href":"https:\/\/api.w.org\/{rel}","templated":true}]}}