{"id":104,"date":"2022-08-16T21:23:00","date_gmt":"2022-08-16T19:23:00","guid":{"rendered":"http:\/\/isb.info.pl\/?page_id=104"},"modified":"2023-12-07T16:59:41","modified_gmt":"2023-12-07T15:59:41","slug":"instalacje-monitoringu-wizyjnego","status":"publish","type":"page","link":"https:\/\/isb.info.pl\/index.php\/instalacje-monitoringu-wizyjnego\/","title":{"rendered":"INSTALACJE MONITORINGU WIZYJNEGO"},"content":{"rendered":"\n<p>System CCTV to zesp\u00f3\u0142 urz\u0105dze\u0144, umo\u017cliwiaj\u0105cych odbi\u00f3r, przetwarzanie, archiwizowanie oraz wy\u015bwietlanie obrazu i d\u017awi\u0119ku w obiektach monitorowanych. Jest on stosowany w firmach i obiektach u\u017cyteczno\u015bci publicznej, coraz cz\u0119\u015bciej jednak trafia tak\u017ce do prywatnych dom\u00f3w oraz budownictwa wielorodzinnego. Skr\u00f3t CCTV pochodzi z j\u0119zyka angielskiego i sk\u0142ada si\u0119 z pierwszych liter s\u0142\u00f3w Closed Circuit Television, co mo\u017cna przet\u0142umaczy\u0107 jako telewizja przemys\u0142owa, monitoring wizyjny, wideonadz\u00f3r, telewizyjne systemy dozorowe. Rozwi\u0105zanie to wchodzi w sk\u0142ad nowoczesnych instalacji bezpiecze\u0144stwa. System ten pozwala \u015bledzi\u0107 z odleg\u0142o\u015bci zdarzenia rejestrowane przez kamer\u0119(y). Tak otrzymany obraz jest przesy\u0142any (przez kabel lub drog\u0105 radiow\u0105) i odbierany tylko w centrum odbiorczym.<\/p>\n\n\n\n<figure class=\"wp-block-image aligncenter size-full\"><img loading=\"lazy\" decoding=\"async\" width=\"624\" height=\"333\" src=\"http:\/\/isb.info.pl\/wp-content\/uploads\/2022\/08\/kamery-do-monitoringu-domu-smart-hik-vision.png\" alt=\"\" class=\"wp-image-105\" srcset=\"https:\/\/isb.info.pl\/wp-content\/uploads\/2022\/08\/kamery-do-monitoringu-domu-smart-hik-vision.png 624w, https:\/\/isb.info.pl\/wp-content\/uploads\/2022\/08\/kamery-do-monitoringu-domu-smart-hik-vision-300x160.png 300w\" sizes=\"auto, (max-width: 624px) 100vw, 624px\" \/><\/figure>\n\n\n\n<p>Ju\u017c na etapie projektowania instalacji i doboru urz\u0105dze\u0144 nale\u017cy pami\u0119ta\u0107, \u017ce systemy CCTV r\u00f3\u017cni\u0105 si\u0119 mi\u0119dzy sob\u0105 g\u0142\u00f3wnie stopniem rozbudowania.<\/p>\n\n\n\n<p>&#8211; najprostszy system bazuje na pojedynczej kamerze. Pozwala to na obserwowanie najbli\u017cszego otoczenia. Efekt monitoringu mo\u017cemy ogl\u0105da\u0107 na ekranie telewizora, monitora CCTV lub komputera. Istotn\u0105 rol\u0119 odgrywaj\u0105 r\u00f3wnie\u017c urz\u0105dzenia komutacyjne, modulatory oraz przetworniki A\/C. Obraz mo\u017ce by\u0107 archiwizowany za pomoc\u0105 urz\u0105dzenia rejestruj\u0105cego.<\/p>\n\n\n\n<p>&#8211; systemy zaawansowane, kt\u00f3re s\u0105 znacznie bardziej rozbudowane &#8211; nawet do kilkuset kamer. Wykorzystuje si\u0119 w nich kamery analogowe lub sieciowe, a tak\u017ce urz\u0105dzenia komutacyjne, multipleksery, dzielniki i przetworniki A\/C.<\/p>\n\n\n\n<p>Dobieraj\u0105c konkretne rozwi\u0105zanie nale\u017cy mie\u0107 na uwadze fakt, \u017ce oferta rynkowa w zakresie system\u00f3w wizyjnych jest bardzo obszerna.&nbsp;<\/p>\n\n\n\n<p>Zestowy przez nas dobierane i montowane s\u0105 wysokiej klasy. Do ka\u017cdej instalacji istnieje mo\u017cliwo\u015b\u0107 wgl\u0105du zdalnie z ka\u017cdego miejsca na ziemi, wystarczy tylko smartfon i dost\u0119p do internetu.\u00a0<\/p>\n\n\n\n<hr class=\"wp-block-separator has-alpha-channel-opacity\"\/>\n\n\n\n<p>Monitoring cctv jest niezb\u0119dnym etapem w zarz\u0105dzaniu systemem bezpiecze\u0144stwa. Systemy monitoringu cctv umo\u017cliwiaj\u0105 otrzymywanie i przechowywanie obrazu w czasie rzeczywistym, dzi\u0119ki czemu u\u017cytkownicy mog\u0105 analizowa\u0107 zachowanie os\u00f3b, kontrolowa\u0107 ruch oraz ewentualnie wydawa\u0107 alarm w przypadku zidentyfikowania podejrzanego. W celu prawid\u0142owego dzia\u0142ania systemu monitoringowego cctv warto przestudiowa\u0107 kilka wa\u017cnych kwestii:<\/p>\n\n\n\n<ol class=\"wp-block-list\">\n<li><strong>Wyb\u00f3r odpowiednich kamer cctv<\/strong>: W zale\u017cno\u015bci od potrzeb, wyb\u00f3r odpowiednich kamer cctv mo\u017ce okaza\u0107 si\u0119 istotny. Oto kilka czynnik\u00f3w, kt\u00f3re nale\u017cy wzi\u0105\u0107 pod uwag\u0119 podczas wybierania odpowiedniej kamery: ilo\u015b\u0107 i po\u0142o\u017cenie miejsc monitorowania, dost\u0119pno\u015b\u0107 \u015bwiat\u0142a, konieczno\u015b\u0107 uzyskiwania obraz\u00f3w w nocy czy te\u017c w sytuacjach awaryjnych.<\/li>\n\n\n\n<li><strong>Umieszczenie kamer cctv<\/strong>: Po odpowiednim wyborze kamer nale\u017cy wzi\u0105\u0107 pod uwag\u0119 ich umieszczenie. Kamery powinny by\u0107 tak ustawione, aby mo\u017cna by\u0142o otrzymywa\u0107 obraz bez przeszk\u00f3d. Przyk\u0142adowo, je\u015bli chodzi o kamery zewn\u0119trzne, wa\u017cne jest, aby nie przeszkadza\u0142y one wej\u015bciu na teren, a je\u015bli chodzi o kamery wewn\u0119trzne, warto umie\u015bci\u0107 je w miejscach o wysokiej przepustowo\u015bci.<\/li>\n\n\n\n<li><strong>Sygnalizacja i alarmy<\/strong>: Opr\u00f3cz pozyskiwania obrazu z kamer, system monitoringowy cctv powinien r\u00f3wnie\u017c umo\u017cliwia\u0107 wysy\u0142anie sygna\u0142\u00f3w alarmu. W przypadku wykrycia nieprawid\u0142owego zachowania na monitorowanym obszarze, u\u017cytkownik powinien by\u0107 o tym poinformowany w spos\u00f3b bezpo\u015bredni.<\/li>\n\n\n\n<li><strong>Magazynowanie obraz\u00f3w<\/strong>: Wa\u017cnym aspektem systemu monitoringowego cctv jest mo\u017cliwo\u015b\u0107 magazynowania obraz\u00f3w w czasie rzeczywistym. Obrazy mog\u0105 by\u0107 magazynowane na twardym dysku lub w chmurze, co umo\u017cliwia u\u017cytkownikom analiz\u0119 zachowania os\u00f3b oraz powtarzanie ewentualnych alarm\u00f3w.<\/li>\n\n\n\n<li><strong>Analiza obrazu<\/strong>: Opr\u00f3cz pozyskiwania i magazynowania obraz\u00f3w, system monitoringowy cctv mo\u017ce r\u00f3wnie\u017c zawiera\u0107 funkcj\u0119 analizy obrazu. W przypadku wykrycia okre\u015blonego zdarzenia (np. przemieszczanie si\u0119 przez kant i bok ruchu) u\u017cytkownik powinien by\u0107 o tym poinformowany.<\/li>\n<\/ol>\n\n\n\n<p>W celu prawid\u0142owego funkcjonowania systemu monitoringowego cctv, wa\u017cne jest regularne sprawdzanie i konserwowanie wszystkich jego element\u00f3w, a tak\u017ce regularne szkolenia personelu odpowiedzialnego za zarz\u0105dzanie systemem.<\/p>\n\n\n\n<p>Podsumowuj\u0105c, monitorowanie cctv jest kluczowym etapem w zarz\u0105dzaniu systemem bezpiecze\u0144stwa. W przypadku wyboru, instalacji oraz obs\u0142ugi odpowiednich kamer cctv oraz systemu monitoringowego, mo\u017cna uzyska\u0107 skuteczne i efektywne rozwi\u0105zanie w obszarze kontroli dost\u0119pu oraz reagowania na zdarzenia alarmowe.<\/p>\n","protected":false},"excerpt":{"rendered":"<p>System CCTV to zesp\u00f3\u0142 urz\u0105dze\u0144, umo\u017cliwiaj\u0105cych odbi\u00f3r, przetwarzanie, archiwizowanie oraz wy\u015bwietlanie obrazu i d\u017awi\u0119ku w obiektach monitorowanych. Jest on stosowany<\/p>\n","protected":false},"author":1,"featured_media":0,"parent":0,"menu_order":0,"comment_status":"closed","ping_status":"closed","template":"","meta":{"footnotes":""},"class_list":["post-104","page","type-page","status-publish","hentry"],"_links":{"self":[{"href":"https:\/\/isb.info.pl\/index.php\/wp-json\/wp\/v2\/pages\/104","targetHints":{"allow":["GET"]}}],"collection":[{"href":"https:\/\/isb.info.pl\/index.php\/wp-json\/wp\/v2\/pages"}],"about":[{"href":"https:\/\/isb.info.pl\/index.php\/wp-json\/wp\/v2\/types\/page"}],"author":[{"embeddable":true,"href":"https:\/\/isb.info.pl\/index.php\/wp-json\/wp\/v2\/users\/1"}],"replies":[{"embeddable":true,"href":"https:\/\/isb.info.pl\/index.php\/wp-json\/wp\/v2\/comments?post=104"}],"version-history":[{"count":3,"href":"https:\/\/isb.info.pl\/index.php\/wp-json\/wp\/v2\/pages\/104\/revisions"}],"predecessor-version":[{"id":193,"href":"https:\/\/isb.info.pl\/index.php\/wp-json\/wp\/v2\/pages\/104\/revisions\/193"}],"wp:attachment":[{"href":"https:\/\/isb.info.pl\/index.php\/wp-json\/wp\/v2\/media?parent=104"}],"curies":[{"name":"wp","href":"https:\/\/api.w.org\/{rel}","templated":true}]}}